{"id":91,"date":"2020-07-05T22:29:51","date_gmt":"2020-07-05T22:29:51","guid":{"rendered":"http:\/\/rhs-emscher-lippe.de\/?page_id=91"},"modified":"2020-07-05T22:29:51","modified_gmt":"2020-07-05T22:29:51","slug":"mantrailing","status":"publish","type":"page","link":"https:\/\/rhs-emscher-lippe.de\/?page_id=91","title":{"rendered":"Mantrailing"},"content":{"rendered":"\n<p>Die h\u00e4ufige Frage, ob der Rettungshund einen Socken der vermissten Person vor die Nase gehalten bekommt, damit er wei\u00df, wen er suchen soll, kann man bei dieser Suchart endlich einmal mit \u201eJa!\u201c beantworten.<\/p>\n\n\n\n<p>Der Mantrailer sucht, anders als der Tr\u00fcmmer- oder Fl\u00e4chensuchhund, immer eine ganz bestimmte Person. Er erh\u00e4lt den Suchauftrag anhand eines Gegenstandes, an dem&nbsp;m\u00f6glichst nur der Geruch der vermissten Person haftet. Die Suche beginnt meist dort, wo die Person ganz sicher das letzte Mal gesehen wurde oder sogar losgegangen ist. Der Hund sucht die Person anhand ihrer individuellen Spur.<\/p>\n\n\n\n<p>Die Ausbildung ist sehr umfangreich. Neben den Schwierigkeiten, die dem Hund auf der Spur begegnen, muss sichergestellt werden, dass der Hund nur die aufgezeigte Spur verfolgt. Auch unter Ablenkung muss der Hund in der Lage sein, die richtige Person anhand des Geruchbildes zu identifizieren. Er muss zeigen, wenn er die Spur verloren hat, sie auf einmal endet (Person ist in ein Transportmittel wie Bus oder Auto gestiegen) oder es am angesetzten Punkt gar keine Spur von der vermissten Person gibt. Ablenkungen wie Personenverkehr, andere Hunde oder Wild d\u00fcrfen ihn nicht an der Erf\u00fcllung seiner Aufgabe hindern.<\/p>\n","protected":false},"excerpt":{"rendered":"<p>Die h\u00e4ufige Frage, ob der Rettungshund einen Socken der vermissten Person vor die Nase gehalten bekommt, damit er wei\u00df, wen er suchen soll, kann man bei dieser Suchart endlich einmal mit \u201eJa!\u201c beantworten. Der Mantrailer sucht, anders als der Tr\u00fcmmer- oder Fl\u00e4chensuchhund, immer eine ganz bestimmte Person. Er erh\u00e4lt den Suchauftrag anhand eines Gegenstandes, an [&hellip;]<\/p>\n","protected":false},"author":1,"featured_media":0,"parent":0,"menu_order":0,"comment_status":"closed","ping_status":"closed","template":"","meta":{"footnotes":""},"class_list":["post-91","page","type-page","status-publish","hentry"],"_links":{"self":[{"href":"https:\/\/rhs-emscher-lippe.de\/index.php?rest_route=\/wp\/v2\/pages\/91","targetHints":{"allow":["GET"]}}],"collection":[{"href":"https:\/\/rhs-emscher-lippe.de\/index.php?rest_route=\/wp\/v2\/pages"}],"about":[{"href":"https:\/\/rhs-emscher-lippe.de\/index.php?rest_route=\/wp\/v2\/types\/page"}],"author":[{"embeddable":true,"href":"https:\/\/rhs-emscher-lippe.de\/index.php?rest_route=\/wp\/v2\/users\/1"}],"replies":[{"embeddable":true,"href":"https:\/\/rhs-emscher-lippe.de\/index.php?rest_route=%2Fwp%2Fv2%2Fcomments&post=91"}],"version-history":[{"count":1,"href":"https:\/\/rhs-emscher-lippe.de\/index.php?rest_route=\/wp\/v2\/pages\/91\/revisions"}],"predecessor-version":[{"id":92,"href":"https:\/\/rhs-emscher-lippe.de\/index.php?rest_route=\/wp\/v2\/pages\/91\/revisions\/92"}],"wp:attachment":[{"href":"https:\/\/rhs-emscher-lippe.de\/index.php?rest_route=%2Fwp%2Fv2%2Fmedia&parent=91"}],"curies":[{"name":"wp","href":"https:\/\/api.w.org\/{rel}","templated":true}]}}