{"id":81,"date":"2020-07-05T22:23:25","date_gmt":"2020-07-05T22:23:25","guid":{"rendered":"http:\/\/rhs-emscher-lippe.de\/?page_id=81"},"modified":"2020-07-05T22:31:12","modified_gmt":"2020-07-05T22:31:12","slug":"ausbildun","status":"publish","type":"page","link":"https:\/\/rhs-emscher-lippe.de\/?page_id=81","title":{"rendered":"Wie arbeiten Rettungshunde?"},"content":{"rendered":"\n<p>Ein Rettungshundeteam (bestehend mindestens aus einem Hundef\u00fchrer und seinem gepr\u00fcften Rettungshund) agiert immer zusammen.<\/p>\n\n\n\n<p>Mit Hilfe seines hochentwickelten Geruchssinns nimmt der Hund jegliche menschliche Witterung auf und verfolgt diese. Durch eine spezielle Anzeigeart zeigt der Hund die gefundene Person seinem Hundef\u00fchrer an. In den meisten F\u00e4llen ist die Anzeige ein anhaltendes Verbellen bis der Hundef\u00fchrer beim Hund angekommen ist. Aufgrund seines Geruchssinns ist ein Rettungshund nachts genauso effektiv einsetzbar wie tags\u00fcber.<\/p>\n\n\n\n<p>Ein Rettungshundeteam kann in verschiedenen Sparten (Fl\u00e4che, Tr\u00fcmmer, Mantrailing) ausgebildet sowie gepr\u00fcft werden und in diesen auch zum Einsatz kommen.<\/p>\n\n\n\n<p><\/p>\n","protected":false},"excerpt":{"rendered":"<p>Ein Rettungshundeteam (bestehend mindestens aus einem Hundef\u00fchrer und seinem gepr\u00fcften Rettungshund) agiert immer zusammen. Mit Hilfe seines hochentwickelten Geruchssinns nimmt der Hund jegliche menschliche Witterung auf und verfolgt diese. Durch eine spezielle Anzeigeart zeigt der Hund die gefundene Person seinem Hundef\u00fchrer an. In den meisten F\u00e4llen ist die Anzeige ein anhaltendes Verbellen bis der Hundef\u00fchrer [&hellip;]<\/p>\n","protected":false},"author":1,"featured_media":0,"parent":0,"menu_order":0,"comment_status":"closed","ping_status":"closed","template":"","meta":{"footnotes":""},"class_list":["post-81","page","type-page","status-publish","hentry"],"_links":{"self":[{"href":"https:\/\/rhs-emscher-lippe.de\/index.php?rest_route=\/wp\/v2\/pages\/81","targetHints":{"allow":["GET"]}}],"collection":[{"href":"https:\/\/rhs-emscher-lippe.de\/index.php?rest_route=\/wp\/v2\/pages"}],"about":[{"href":"https:\/\/rhs-emscher-lippe.de\/index.php?rest_route=\/wp\/v2\/types\/page"}],"author":[{"embeddable":true,"href":"https:\/\/rhs-emscher-lippe.de\/index.php?rest_route=\/wp\/v2\/users\/1"}],"replies":[{"embeddable":true,"href":"https:\/\/rhs-emscher-lippe.de\/index.php?rest_route=%2Fwp%2Fv2%2Fcomments&post=81"}],"version-history":[{"count":3,"href":"https:\/\/rhs-emscher-lippe.de\/index.php?rest_route=\/wp\/v2\/pages\/81\/revisions"}],"predecessor-version":[{"id":95,"href":"https:\/\/rhs-emscher-lippe.de\/index.php?rest_route=\/wp\/v2\/pages\/81\/revisions\/95"}],"wp:attachment":[{"href":"https:\/\/rhs-emscher-lippe.de\/index.php?rest_route=%2Fwp%2Fv2%2Fmedia&parent=81"}],"curies":[{"name":"wp","href":"https:\/\/api.w.org\/{rel}","templated":true}]}}