{"id":76,"date":"2020-07-05T22:13:24","date_gmt":"2020-07-05T22:13:24","guid":{"rendered":"http:\/\/rhs-emscher-lippe.de\/?page_id=76"},"modified":"2021-04-03T15:21:59","modified_gmt":"2021-04-03T15:21:59","slug":"gelaende","status":"publish","type":"page","link":"https:\/\/rhs-emscher-lippe.de\/?page_id=76","title":{"rendered":"Gel\u00e4nde"},"content":{"rendered":"\n<p>Um mit unseren Hunden f\u00fcr Eins\u00e4tze trainieren zu k\u00f6nnen, sind wir immer auf der Suche nach neuen Gel\u00e4nden.<\/p>\n\n\n\n<p>Wir suchen&nbsp;<strong>Waldfl\u00e4chen<\/strong>&nbsp;f\u00fcr die Ausbildung der Fl\u00e4chensuchteams &nbsp;sowie&nbsp;<strong>leerstehende Geb\u00e4ude<\/strong>&nbsp;oder&nbsp;<strong>Abrissgel\u00e4nde<\/strong>&nbsp;f\u00fcr die Tr\u00fcmmersuchteams.<\/p>\n\n\n\n<p>Wenn Sie uns ein Gel\u00e4nde zur Verf\u00fcgung stellen k\u00f6nnen oder jemanden kennen der dies kann, dann setzten Sie sich bitte mit uns in Verbindung:<\/p>\n\n\n\n<p class=\"has-medium-font-size\"><a href=\"https:\/\/rhs-emscher-lippe.de\/?page_id=15\"><span class=\"has-inline-color has-very-dark-gray-color\"><strong>Kontakt<\/strong><\/span><\/a><\/p>\n\n\n\n<p>Vielen Dank.<\/p>\n\n\n\n<h2 class=\"wp-block-heading\">Unser Einsatzgebiet<\/h2>\n\n\n\n<div class=\"wp-block-image\"><figure class=\"aligncenter size-large\"><img decoding=\"async\" src=\"https:\/\/rhs-emscher-lippe.de\/wp-content\/uploads\/2020\/11\/Einsatzgebiet_1.jpg\" alt=\"\" class=\"wp-image-1317\"\/><\/figure><\/div>\n","protected":false},"excerpt":{"rendered":"<p>Um mit unseren Hunden f\u00fcr Eins\u00e4tze trainieren zu k\u00f6nnen, sind wir immer auf der Suche nach neuen Gel\u00e4nden. Wir suchen&nbsp;Waldfl\u00e4chen&nbsp;f\u00fcr die Ausbildung der Fl\u00e4chensuchteams &nbsp;sowie&nbsp;leerstehende Geb\u00e4ude&nbsp;oder&nbsp;Abrissgel\u00e4nde&nbsp;f\u00fcr die Tr\u00fcmmersuchteams. Wenn Sie uns ein Gel\u00e4nde zur Verf\u00fcgung stellen k\u00f6nnen oder jemanden kennen der dies kann, dann setzten Sie sich bitte mit uns in Verbindung: Kontakt Vielen Dank. [&hellip;]<\/p>\n","protected":false},"author":1,"featured_media":0,"parent":0,"menu_order":0,"comment_status":"closed","ping_status":"closed","template":"","meta":{"footnotes":""},"class_list":["post-76","page","type-page","status-publish","hentry"],"_links":{"self":[{"href":"https:\/\/rhs-emscher-lippe.de\/index.php?rest_route=\/wp\/v2\/pages\/76","targetHints":{"allow":["GET"]}}],"collection":[{"href":"https:\/\/rhs-emscher-lippe.de\/index.php?rest_route=\/wp\/v2\/pages"}],"about":[{"href":"https:\/\/rhs-emscher-lippe.de\/index.php?rest_route=\/wp\/v2\/types\/page"}],"author":[{"embeddable":true,"href":"https:\/\/rhs-emscher-lippe.de\/index.php?rest_route=\/wp\/v2\/users\/1"}],"replies":[{"embeddable":true,"href":"https:\/\/rhs-emscher-lippe.de\/index.php?rest_route=%2Fwp%2Fv2%2Fcomments&post=76"}],"version-history":[{"count":7,"href":"https:\/\/rhs-emscher-lippe.de\/index.php?rest_route=\/wp\/v2\/pages\/76\/revisions"}],"predecessor-version":[{"id":1415,"href":"https:\/\/rhs-emscher-lippe.de\/index.php?rest_route=\/wp\/v2\/pages\/76\/revisions\/1415"}],"wp:attachment":[{"href":"https:\/\/rhs-emscher-lippe.de\/index.php?rest_route=%2Fwp%2Fv2%2Fmedia&parent=76"}],"curies":[{"name":"wp","href":"https:\/\/api.w.org\/{rel}","templated":true}]}}