{"id":68,"date":"2020-07-05T22:05:25","date_gmt":"2020-07-05T22:05:25","guid":{"rendered":"http:\/\/rhs-emscher-lippe.de\/?page_id=68"},"modified":"2024-05-16T13:22:44","modified_gmt":"2024-05-16T13:22:44","slug":"informationen-fuer-behoerden","status":"publish","type":"page","link":"https:\/\/rhs-emscher-lippe.de\/?page_id=68","title":{"rendered":"Informationen f\u00fcr Beh\u00f6rden"},"content":{"rendered":"\n<p>Als&nbsp;<strong>Verantwortlicher der Polizei oder Feuerwehr&nbsp;<\/strong>sind <strong>Sie <\/strong>unser Ansprechpartner.<\/p>\n\n\n\n<p>Sollten wir bislang noch nicht ins Gespr\u00e4ch gekommen sein, nehmen Sie bitte Kontakt mit uns auf.<\/p>\n\n\n\n<p><strong>BRH &#8211; Rettungshundestaffel Emscher &#8211; Lippe e.V.<\/strong><\/p>\n\n\n\n<p><strong>Gesch\u00e4ftsstelle:<\/strong><\/p>\n\n\n\n<p><strong>M\u00f6wenweg  23<\/strong><\/p>\n\n\n\n<p><strong>45772 Marl<\/strong><\/p>\n\n\n\n<p><strong>E-mail: <a href=\"mailto:info@rhs-emscher-lippe.de\">info@rhs-emscher-lippe.de<\/a><\/strong><\/p>\n\n\n\n<p>Auch&nbsp;<em>wir<\/em>&nbsp;werden den Kontakt zu&nbsp;<em>Ihnen<\/em>&nbsp;suchen, um Alarmierungs- und Einsatzoptionen mit Ihnen zu er\u00f6rtern und so den fl\u00e4chendeckenden Einsatz f\u00fcr das Zust\u00e4ndigkeitsgebiet unserer Rettungshundestaffel im<\/p>\n\n\n\n<p><strong>Gro\u00dfraum&nbsp;&nbsp; Recklinghausen &#8211; Bochum &#8211; Bottrop &#8211; Dortmund &#8211; Essen &#8211; Gelsenkirchen &#8211; Herne &#8211; Unna<\/strong><\/p>\n\n\n\n<p>sicherzustellen.<\/p>\n\n\n\n<p><strong>Wir freuen uns auf die Zusammenarbeit mit Ihnen!<\/strong><\/p>\n\n\n\n<div data-wp-interactive=\"core\/file\" class=\"wp-block-file\"><object data-wp-bind--hidden=\"!state.hasPdfPreview\" hidden class=\"wp-block-file__embed\" data=\"https:\/\/rhs-emscher-lippe.de\/wp-content\/uploads\/2023\/12\/Flyer_fuer_Anforderer.pdf\" type=\"application\/pdf\" style=\"width:100%;height:600px\" aria-label=\"PDF-Einbettung\"><\/object><a href=\"https:\/\/rhs-emscher-lippe.de\/wp-content\/uploads\/2023\/12\/Flyer_fuer_Anforderer.pdf\" class=\"wp-block-file__button wp-element-button\" download>Herunterladen<\/a><\/div>\n","protected":false},"excerpt":{"rendered":"<p>Als&nbsp;Verantwortlicher der Polizei oder Feuerwehr&nbsp;sind Sie unser Ansprechpartner. Sollten wir bislang noch nicht ins Gespr\u00e4ch gekommen sein, nehmen Sie bitte Kontakt mit uns auf. BRH &#8211; Rettungshundestaffel Emscher &#8211; Lippe e.V. Gesch\u00e4ftsstelle: M\u00f6wenweg 23 45772 Marl E-mail: info@rhs-emscher-lippe.de Auch&nbsp;wir&nbsp;werden den Kontakt zu&nbsp;Ihnen&nbsp;suchen, um Alarmierungs- und Einsatzoptionen mit Ihnen zu er\u00f6rtern und so den fl\u00e4chendeckenden Einsatz [&hellip;]<\/p>\n","protected":false},"author":1,"featured_media":0,"parent":0,"menu_order":0,"comment_status":"closed","ping_status":"closed","template":"","meta":{"footnotes":""},"class_list":["post-68","page","type-page","status-publish","hentry"],"_links":{"self":[{"href":"https:\/\/rhs-emscher-lippe.de\/index.php?rest_route=\/wp\/v2\/pages\/68","targetHints":{"allow":["GET"]}}],"collection":[{"href":"https:\/\/rhs-emscher-lippe.de\/index.php?rest_route=\/wp\/v2\/pages"}],"about":[{"href":"https:\/\/rhs-emscher-lippe.de\/index.php?rest_route=\/wp\/v2\/types\/page"}],"author":[{"embeddable":true,"href":"https:\/\/rhs-emscher-lippe.de\/index.php?rest_route=\/wp\/v2\/users\/1"}],"replies":[{"embeddable":true,"href":"https:\/\/rhs-emscher-lippe.de\/index.php?rest_route=%2Fwp%2Fv2%2Fcomments&post=68"}],"version-history":[{"count":9,"href":"https:\/\/rhs-emscher-lippe.de\/index.php?rest_route=\/wp\/v2\/pages\/68\/revisions"}],"predecessor-version":[{"id":2889,"href":"https:\/\/rhs-emscher-lippe.de\/index.php?rest_route=\/wp\/v2\/pages\/68\/revisions\/2889"}],"wp:attachment":[{"href":"https:\/\/rhs-emscher-lippe.de\/index.php?rest_route=%2Fwp%2Fv2%2Fmedia&parent=68"}],"curies":[{"name":"wp","href":"https:\/\/api.w.org\/{rel}","templated":true}]}}