{"id":58,"date":"2020-07-05T21:55:01","date_gmt":"2020-07-05T21:55:01","guid":{"rendered":"http:\/\/rhs-emscher-lippe.de\/?page_id=58"},"modified":"2020-07-30T15:27:08","modified_gmt":"2020-07-30T15:27:08","slug":"verband","status":"publish","type":"page","link":"https:\/\/rhs-emscher-lippe.de\/?page_id=58","title":{"rendered":"Verband"},"content":{"rendered":"\n<h2 class=\"has-vivid-red-color has-text-color wp-block-heading\"><strong>Bundesverband Rettungshunde e.V.<\/strong><\/h2>\n\n\n<p>Der Bundesverband Rettungshunde e.V. hat es sich seit seiner Gr\u00fcndung im Jahre 1976 zur Aufgabe gemacht, die St\u00e4rken und die Schlagkraft der regionalen Staffeln in einer Dachorganisation zu b\u00fcndeln. Er verf\u00fcgt im gesamten Bundesgebiet \u00fcber ca. 80 <a href=\"http:\/\/www.bundesverband-rettungshunde.de\/\" target=\"_blank\" rel=\"noopener noreferrer\"><img loading=\"lazy\" decoding=\"async\" class=\"wp-image-59 alignleft\" src=\"https:\/\/rhs-emscher-lippe.de\/wp-content\/uploads\/2020\/07\/BRH-227x300.png\" alt=\"\" width=\"185\" height=\"245\" srcset=\"https:\/\/rhs-emscher-lippe.de\/wp-content\/uploads\/2020\/07\/BRH-227x300.png 227w, https:\/\/rhs-emscher-lippe.de\/wp-content\/uploads\/2020\/07\/BRH-776x1024.png 776w, https:\/\/rhs-emscher-lippe.de\/wp-content\/uploads\/2020\/07\/BRH-768x1013.png 768w, https:\/\/rhs-emscher-lippe.de\/wp-content\/uploads\/2020\/07\/BRH-1164x1536.png 1164w, https:\/\/rhs-emscher-lippe.de\/wp-content\/uploads\/2020\/07\/BRH-205x270.png 205w, https:\/\/rhs-emscher-lippe.de\/wp-content\/uploads\/2020\/07\/BRH.png 1200w\" sizes=\"auto, (max-width: 185px) 100vw, 185px\" \/><\/a>Staffeln. Ziel des Dachverbandes ist es, gemeinsame und verbindliche Ausbildungs- und Einsatzrichtlinien zu entwickeln und anzuwenden, dies gleichsam f\u00fcr die Hunde, die Hundef\u00fchrer, die Einsatzhelfer und die Zugf\u00fchrer, also alle am Einsatz beteiligten Kr\u00e4fte.<\/p>\n\n\n<p>Der Bundesverband Rettungshunde e.V. hat es sich seit seiner Gr\u00fcndung im Jahre 1976 zur Aufgabe gemacht, die St\u00e4rken und die Schlagkraft der regionalen Staffeln in einer Dachorganisation zu b\u00fcndeln. Er verf\u00fcgt im gesamten Bundesgebiet \u00fcber ca. 80 Staffeln. Ziel des Dachverbandes ist es, gemeinsame und verbindliche Ausbildungs- und Einsatzrichtlinien zu entwickeln und anzuwenden, dies gleichsam f\u00fcr die Hunde, die Hundef\u00fchrer, die Einsatzhelfer und die Zugf\u00fchrer, also alle am Einsatz beteiligten Kr\u00e4fte.<\/p>\n\n\n\n<p>Wenn Sie mehr \u00fcber den Verband und seine Arbeit erfahren m\u00f6chten, dann folgen Sie diesem Link:<\/p>\n\n\n\n<p class=\"has-text-color has-vivid-red-color\"><a href=\"http:\/\/www.bundesverband-rettungshunde.de\/\" target=\"_blank\" rel=\"noreferrer noopener\"><strong>www.bundesverband-rettungshunde.de\/<\/strong><\/a><\/p>\n","protected":false},"excerpt":{"rendered":"<p>Bundesverband Rettungshunde e.V. Der Bundesverband Rettungshunde e.V. hat es sich seit seiner Gr\u00fcndung im Jahre 1976 zur Aufgabe gemacht, die St\u00e4rken und die Schlagkraft der regionalen Staffeln in einer Dachorganisation zu b\u00fcndeln. Er verf\u00fcgt im gesamten Bundesgebiet \u00fcber ca. 80 Staffeln. Ziel des Dachverbandes ist es, gemeinsame und verbindliche Ausbildungs- und Einsatzrichtlinien zu entwickeln und [&hellip;]<\/p>\n","protected":false},"author":1,"featured_media":0,"parent":0,"menu_order":0,"comment_status":"closed","ping_status":"closed","template":"","meta":{"footnotes":""},"class_list":["post-58","page","type-page","status-publish","hentry"],"_links":{"self":[{"href":"https:\/\/rhs-emscher-lippe.de\/index.php?rest_route=\/wp\/v2\/pages\/58","targetHints":{"allow":["GET"]}}],"collection":[{"href":"https:\/\/rhs-emscher-lippe.de\/index.php?rest_route=\/wp\/v2\/pages"}],"about":[{"href":"https:\/\/rhs-emscher-lippe.de\/index.php?rest_route=\/wp\/v2\/types\/page"}],"author":[{"embeddable":true,"href":"https:\/\/rhs-emscher-lippe.de\/index.php?rest_route=\/wp\/v2\/users\/1"}],"replies":[{"embeddable":true,"href":"https:\/\/rhs-emscher-lippe.de\/index.php?rest_route=%2Fwp%2Fv2%2Fcomments&post=58"}],"version-history":[{"count":6,"href":"https:\/\/rhs-emscher-lippe.de\/index.php?rest_route=\/wp\/v2\/pages\/58\/revisions"}],"predecessor-version":[{"id":831,"href":"https:\/\/rhs-emscher-lippe.de\/index.php?rest_route=\/wp\/v2\/pages\/58\/revisions\/831"}],"wp:attachment":[{"href":"https:\/\/rhs-emscher-lippe.de\/index.php?rest_route=%2Fwp%2Fv2%2Fmedia&parent=58"}],"curies":[{"name":"wp","href":"https:\/\/api.w.org\/{rel}","templated":true}]}}