{"id":49,"date":"2020-07-05T21:47:04","date_gmt":"2020-07-05T21:47:04","guid":{"rendered":"http:\/\/rhs-emscher-lippe.de\/?page_id=49"},"modified":"2023-11-24T11:23:51","modified_gmt":"2023-11-24T11:23:51","slug":"alarmierung","status":"publish","type":"page","link":"https:\/\/rhs-emscher-lippe.de\/?page_id=49","title":{"rendered":"Alarmierung"},"content":{"rendered":"\n<p>Informationsmaterial finden sie unter Download.&nbsp;<\/p>\n\n\n\n<p class=\"has-medium-font-size\"><strong>Sie k\u00f6nnen uns \u00fcber folgende Rufnummern alarmieren! <\/strong><\/p>\n\n\n\n<figure class=\"wp-block-table aligncenter is-style-regular has-x-large-font-size\"><table class=\"has-vivid-red-background-color has-background has-fixed-layout\"><tbody><tr><td class=\"has-text-align-center\" data-align=\"center\"><strong>Alarmierung<\/strong><br><strong>0177 206 61 42<\/strong><\/td><\/tr><tr><td class=\"has-text-align-center\" data-align=\"center\"><strong>alternativ Kreisleitstelle Recklinghausen<\/strong>: <br><strong>02361 &#8211; 939 40<\/strong><\/td><\/tr><\/tbody><\/table><\/figure>\n\n\n<h4 style=\"text-align: center;\">Aufgrund der ehrenamtlichen T\u00e4tigkeit unserer Rettungshundestaffel entstehen f\u00fcr den Alarmierenden <em><strong>keine<\/strong> <\/em>Kosten. Die Kosten unserer Eins\u00e4tze werden ausschlie\u00dflich \u00fcber Mitgliedsbeitr\u00e4ge und Spenden finanziert.\u00a0<\/h4>","protected":false},"excerpt":{"rendered":"<p>Informationsmaterial finden sie unter Download.&nbsp; Sie k\u00f6nnen uns \u00fcber folgende Rufnummern alarmieren! Alarmierung0177 206 61 42 alternativ Kreisleitstelle Recklinghausen: 02361 &#8211; 939 40 Aufgrund der ehrenamtlichen T\u00e4tigkeit unserer Rettungshundestaffel entstehen f\u00fcr den Alarmierenden keine Kosten. Die Kosten unserer Eins\u00e4tze werden ausschlie\u00dflich \u00fcber Mitgliedsbeitr\u00e4ge und Spenden finanziert.\u00a0<\/p>\n","protected":false},"author":1,"featured_media":0,"parent":0,"menu_order":0,"comment_status":"closed","ping_status":"closed","template":"","meta":{"footnotes":""},"class_list":["post-49","page","type-page","status-publish","hentry"],"_links":{"self":[{"href":"https:\/\/rhs-emscher-lippe.de\/index.php?rest_route=\/wp\/v2\/pages\/49","targetHints":{"allow":["GET"]}}],"collection":[{"href":"https:\/\/rhs-emscher-lippe.de\/index.php?rest_route=\/wp\/v2\/pages"}],"about":[{"href":"https:\/\/rhs-emscher-lippe.de\/index.php?rest_route=\/wp\/v2\/types\/page"}],"author":[{"embeddable":true,"href":"https:\/\/rhs-emscher-lippe.de\/index.php?rest_route=\/wp\/v2\/users\/1"}],"replies":[{"embeddable":true,"href":"https:\/\/rhs-emscher-lippe.de\/index.php?rest_route=%2Fwp%2Fv2%2Fcomments&post=49"}],"version-history":[{"count":29,"href":"https:\/\/rhs-emscher-lippe.de\/index.php?rest_route=\/wp\/v2\/pages\/49\/revisions"}],"predecessor-version":[{"id":2716,"href":"https:\/\/rhs-emscher-lippe.de\/index.php?rest_route=\/wp\/v2\/pages\/49\/revisions\/2716"}],"wp:attachment":[{"href":"https:\/\/rhs-emscher-lippe.de\/index.php?rest_route=%2Fwp%2Fv2%2Fmedia&parent=49"}],"curies":[{"name":"wp","href":"https:\/\/api.w.org\/{rel}","templated":true}]}}