{"id":39,"date":"2020-07-05T21:37:57","date_gmt":"2020-07-05T21:37:57","guid":{"rendered":"http:\/\/rhs-emscher-lippe.de\/?page_id=39"},"modified":"2025-08-11T11:27:49","modified_gmt":"2025-08-11T11:27:49","slug":"die-staffel","status":"publish","type":"page","link":"https:\/\/rhs-emscher-lippe.de\/?page_id=39","title":{"rendered":"Die Staffel"},"content":{"rendered":"\n<p style=\"font-size:18px\">\u00dcber unsere Staffel&#8230;.<\/p>\n\n\n\n<p style=\"font-size:18px\">Einsatz f\u00fcr die BRH \u2013 Rettungshunde:<\/p>\n\n\n\n<p style=\"font-size:18px\">Jedes Jahr werden in Deutschland etwa <strong>11.000 Menschen<\/strong> als <strong>vermisst gemeldet<\/strong>!<\/p>\n\n\n\n<p style=\"font-size:18px\">T\u00e4glich werden in Deutschland jeweils 200-300 Menschen neu als vermisst gemeldet! Oft sind es alte Menschen und etwa die H\u00e4lfte sind Kinder und Jugendliche und sie alle haben eines <strong>gemeinsam<\/strong>:<\/p>\n\n\n\n<p style=\"font-size:18px\"><em>Sie befinden sich unter Umst\u00e4nden in einer lebensbedrohlichen Lage, aus der sie ohne Hilfe keinen Ausweg finden. &nbsp;<\/em><\/p>\n\n\n\n<p style=\"font-size:18px\">Die Rettungshundestaffel Emscher-Lippe e.V. wurde im Sommer 2006 gegr\u00fcndet und ist geh\u00f6rt seit M\u00e4rz 2013 dem Katastrophenschutz an.<\/p>\n\n\n\n<p style=\"font-size:18px\">Die Einsatzkr\u00e4fte unserer Staffel stehen an 365 Tagen im Jahr, 24 Stunden ehrenamtlich und kostenfrei zur Verf\u00fcgung. Unsere Aufgabe besteht dann vermisste oder versch\u00fcttete Personen zu suchen und zu retten.<\/p>\n\n\n\n<p style=\"font-size:18px\">Dabei werden Teams, die aus einem Hund und seinem Hundef\u00fchrer sowie mindestens einem Suchtrupphelfer bestehen, in den Sucheinsatz geschickt. Die einzelnen Rettungshundeteams k\u00f6nnen je nach ihrer Spezialisierung in <strong>Fl\u00e4chen<\/strong>&#8211; und\/oder <strong>Tr\u00fcmmergebieten<\/strong> zur Suche nach Vermissten eingesetzt werden. Es gibt auch die M\u00f6glichkeit spezialisierte Hunde&nbsp; \u201e<strong>Mantrailer<\/strong>\u201c zur Suche nach einer bestimmten Person einzusetzen.<\/p>\n\n\n\n<p style=\"font-size:18px\">Die Ausbildung unserer Rettungshundeteams erfolgt im Rahmen des w\u00f6chentlichen Trainings in unterschiedlichen Fl\u00e4chen- und Tr\u00fcmmergel\u00e4nden. Hunde, Hundef\u00fchrer und Helfer werden durch Pr\u00fcfungen und Einsatz\u00fcbungen auf den Ernstfall vorbereitet. Die Ausbildung der Teams dauert im Schnitt 2 -3 Jahre. Daher sollte der Hund nicht \u00e4lter als 5 Jahre sein.<\/p>\n\n\n\n<h1 class=\"wp-block-heading has-text-align-center\"><strong><span class=\"has-inline-color has-vivid-red-color\">Unsere Staffel ist \u00fcber die Telefonnummer der Kreisleitstelle Recklinghausen&nbsp;<br>02361\/9394-0<\/span><\/strong><\/h1>\n\n\n\n<p class=\"has-text-align-center has-vivid-red-color has-text-color has-large-font-size\"><\/p>\n","protected":false},"excerpt":{"rendered":"<p>\u00dcber unsere Staffel&#8230;. Einsatz f\u00fcr die BRH \u2013 Rettungshunde: Jedes Jahr werden in Deutschland etwa 11.000 Menschen als vermisst gemeldet! T\u00e4glich werden in Deutschland jeweils 200-300 Menschen neu als vermisst gemeldet! Oft sind es alte Menschen und etwa die H\u00e4lfte sind Kinder und Jugendliche und sie alle haben eines gemeinsam: Sie befinden sich unter Umst\u00e4nden [&hellip;]<\/p>\n","protected":false},"author":1,"featured_media":0,"parent":0,"menu_order":0,"comment_status":"closed","ping_status":"closed","template":"","meta":{"footnotes":""},"class_list":["post-39","page","type-page","status-publish","hentry"],"_links":{"self":[{"href":"https:\/\/rhs-emscher-lippe.de\/index.php?rest_route=\/wp\/v2\/pages\/39","targetHints":{"allow":["GET"]}}],"collection":[{"href":"https:\/\/rhs-emscher-lippe.de\/index.php?rest_route=\/wp\/v2\/pages"}],"about":[{"href":"https:\/\/rhs-emscher-lippe.de\/index.php?rest_route=\/wp\/v2\/types\/page"}],"author":[{"embeddable":true,"href":"https:\/\/rhs-emscher-lippe.de\/index.php?rest_route=\/wp\/v2\/users\/1"}],"replies":[{"embeddable":true,"href":"https:\/\/rhs-emscher-lippe.de\/index.php?rest_route=%2Fwp%2Fv2%2Fcomments&post=39"}],"version-history":[{"count":4,"href":"https:\/\/rhs-emscher-lippe.de\/index.php?rest_route=\/wp\/v2\/pages\/39\/revisions"}],"predecessor-version":[{"id":3123,"href":"https:\/\/rhs-emscher-lippe.de\/index.php?rest_route=\/wp\/v2\/pages\/39\/revisions\/3123"}],"wp:attachment":[{"href":"https:\/\/rhs-emscher-lippe.de\/index.php?rest_route=%2Fwp%2Fv2%2Fmedia&parent=39"}],"curies":[{"name":"wp","href":"https:\/\/api.w.org\/{rel}","templated":true}]}}