{"id":360,"date":"2020-07-12T18:50:23","date_gmt":"2020-07-12T18:50:23","guid":{"rendered":"http:\/\/rhs-emscher-lippe.de\/?page_id=360"},"modified":"2024-11-17T15:14:57","modified_gmt":"2024-11-17T15:14:57","slug":"daniel-nolte","status":"publish","type":"page","link":"https:\/\/rhs-emscher-lippe.de\/?page_id=360","title":{"rendered":"Daniel Nolte"},"content":{"rendered":"\n<figure class=\"wp-block-table is-style-regular\"><table class=\"has-fixed-layout\"><tbody><tr><td><a href=\"https:\/\/rhs-emscher-lippe.de\/wp-content\/uploads\/2020\/08\/Daniel.jpg\" target=\"_blank\" rel=\"noreferrer noopener\"><img loading=\"lazy\" decoding=\"async\" width=\"400\" height=\"602\" class=\"wp-image-862\" style=\"width: 400px;\" src=\"https:\/\/rhs-emscher-lippe.de\/wp-content\/uploads\/2020\/08\/Daniel.jpg\" alt=\"\" srcset=\"https:\/\/rhs-emscher-lippe.de\/wp-content\/uploads\/2020\/08\/Daniel.jpg 1396w, https:\/\/rhs-emscher-lippe.de\/wp-content\/uploads\/2020\/08\/Daniel-199x300.jpg 199w, https:\/\/rhs-emscher-lippe.de\/wp-content\/uploads\/2020\/08\/Daniel-680x1024.jpg 680w, https:\/\/rhs-emscher-lippe.de\/wp-content\/uploads\/2020\/08\/Daniel-768x1156.jpg 768w, https:\/\/rhs-emscher-lippe.de\/wp-content\/uploads\/2020\/08\/Daniel-1021x1536.jpg 1021w, https:\/\/rhs-emscher-lippe.de\/wp-content\/uploads\/2020\/08\/Daniel-1361x2048.jpg 1361w\" sizes=\"auto, (max-width: 400px) 100vw, 400px\" \/><\/a><\/td><td class=\"has-text-align-center\" data-align=\"center\"><strong><strong>Mitglied im BRH seit dem 24.05.1994<br><\/strong><\/strong><br>Zugf\u00fchrer<br><br><strong>Aktivit\u00e4ten im BRH<\/strong><br> <br>F\u00fchrungskr\u00e4fte Aus- und Fortbildung im <br>BRH Referat Einsatz national<br><br><strong>zus\u00e4tzliche Qualifikationen<\/strong><br>BOS Sprechfunker<\/td><\/tr><\/tbody><\/table><\/figure>\n\n\n\n<p><\/p>\n","protected":false},"excerpt":{"rendered":"<p>Mitglied im BRH seit dem 24.05.1994Zugf\u00fchrer Aktivit\u00e4ten im BRH F\u00fchrungskr\u00e4fte Aus- und Fortbildung im BRH Referat Einsatz national zus\u00e4tzliche QualifikationenBOS Sprechfunker<\/p>\n","protected":false},"author":3,"featured_media":0,"parent":0,"menu_order":0,"comment_status":"closed","ping_status":"closed","template":"","meta":{"footnotes":""},"class_list":["post-360","page","type-page","status-publish","hentry"],"_links":{"self":[{"href":"https:\/\/rhs-emscher-lippe.de\/index.php?rest_route=\/wp\/v2\/pages\/360","targetHints":{"allow":["GET"]}}],"collection":[{"href":"https:\/\/rhs-emscher-lippe.de\/index.php?rest_route=\/wp\/v2\/pages"}],"about":[{"href":"https:\/\/rhs-emscher-lippe.de\/index.php?rest_route=\/wp\/v2\/types\/page"}],"author":[{"embeddable":true,"href":"https:\/\/rhs-emscher-lippe.de\/index.php?rest_route=\/wp\/v2\/users\/3"}],"replies":[{"embeddable":true,"href":"https:\/\/rhs-emscher-lippe.de\/index.php?rest_route=%2Fwp%2Fv2%2Fcomments&post=360"}],"version-history":[{"count":24,"href":"https:\/\/rhs-emscher-lippe.de\/index.php?rest_route=\/wp\/v2\/pages\/360\/revisions"}],"predecessor-version":[{"id":2938,"href":"https:\/\/rhs-emscher-lippe.de\/index.php?rest_route=\/wp\/v2\/pages\/360\/revisions\/2938"}],"wp:attachment":[{"href":"https:\/\/rhs-emscher-lippe.de\/index.php?rest_route=%2Fwp%2Fv2%2Fmedia&parent=360"}],"curies":[{"name":"wp","href":"https:\/\/api.w.org\/{rel}","templated":true}]}}