{"id":3020,"date":"2025-09-16T08:57:28","date_gmt":"2025-09-16T08:57:28","guid":{"rendered":"https:\/\/rhs-emscher-lippe.de\/?page_id=3020"},"modified":"2025-09-16T19:42:54","modified_gmt":"2025-09-16T19:42:54","slug":"antonia-droege","status":"publish","type":"page","link":"https:\/\/rhs-emscher-lippe.de\/?page_id=3020","title":{"rendered":"Antonia Droege"},"content":{"rendered":"\n<figure class=\"wp-block-table\"><table class=\"has-fixed-layout\"><tbody><tr><td class=\"has-text-align-center\" data-align=\"center\"><img loading=\"lazy\" decoding=\"async\" width=\"150\" height=\"177\" class=\"wp-image-2246\" style=\"width: 150px;\" src=\"https:\/\/rhs-emscher-lippe.de\/wp-content\/uploads\/2023\/03\/Bild4.jpg\" alt=\"\" srcset=\"https:\/\/rhs-emscher-lippe.de\/wp-content\/uploads\/2023\/03\/Bild4.jpg 273w, https:\/\/rhs-emscher-lippe.de\/wp-content\/uploads\/2023\/03\/Bild4-254x300.jpg 254w\" sizes=\"auto, (max-width: 150px) 100vw, 150px\" \/><\/td><td class=\"has-text-align-center\" data-align=\"center\"><strong>Mitglied im BRH seit dem  03.02.2025<\/strong><br><br>Suchtrupphelfer in Ausbildung<br>Hundef\u00fchrer in Ausbildung<br><br><strong>zus\u00e4tzliche Qualifikation<\/strong><br>BOS Sprechfunker<\/td><\/tr><\/tbody><\/table><\/figure>\n\n\n\n<figure class=\"wp-block-table\"><table class=\"has-fixed-layout\"><tbody><tr><td>Carla<br><br>Rufname: Carla<br>Rasse: Dobermann<br>Geschlecht: H\u00fcndin<br>Wurftag: 05.09.2023<br><br><strong>Ausbildungskennzeichen<\/strong>:<br>Begleithundepr\u00fcfung: in Ausbildung<br>Vorpr\u00fcfung Fl\u00e4che: in Ausbildung<br>Hauptpr\u00fcfung Fl\u00e4che: in Ausbildung<br>Vorpr\u00fcfung Tr\u00fcmmer: in Ausbildung<br>Hauptpr\u00fcfung Tr\u00fcmmer: in Ausbildung<br><br>Carla kommt urspr\u00fcnglich aus dem griechischen Tierschutz. Heute ist sie eine junge Dobermann-H\u00fcndin voller Herz und Energie. Sie vereint die typischen Eigenschaften ihrer Rasse &#8211; intelligent, loyal und wachsam \u2013 mit einer charmanten Portion an Tollpatschigkeit. <br>Carla liebt Bewegung und Abwechslung, ist dabei aber sensibel und eng an ihren Menschen gebunden. Ein eleganter Wirbelwind, der ebenso zuverl\u00e4ssig besch\u00fctzt und einen gerne zum Schmunzeln bringt.<br><\/td><td class=\"has-text-align-center\" data-align=\"center\"><img loading=\"lazy\" decoding=\"async\" width=\"150\" height=\"177\" class=\"wp-image-2246\" style=\"width: 150px;\" src=\"https:\/\/rhs-emscher-lippe.de\/wp-content\/uploads\/2023\/03\/Bild4.jpg\" alt=\"\" srcset=\"https:\/\/rhs-emscher-lippe.de\/wp-content\/uploads\/2023\/03\/Bild4.jpg 273w, https:\/\/rhs-emscher-lippe.de\/wp-content\/uploads\/2023\/03\/Bild4-254x300.jpg 254w\" sizes=\"auto, (max-width: 150px) 100vw, 150px\" \/><\/td><\/tr><\/tbody><\/table><\/figure>\n","protected":false},"excerpt":{"rendered":"<p>Mitglied im BRH seit dem 03.02.2025 Suchtrupphelfer in AusbildungHundef\u00fchrer in Ausbildung zus\u00e4tzliche QualifikationBOS Sprechfunker Carla Rufname: CarlaRasse: DobermannGeschlecht: H\u00fcndinWurftag: 05.09.2023 Ausbildungskennzeichen:Begleithundepr\u00fcfung: in AusbildungVorpr\u00fcfung Fl\u00e4che: in AusbildungHauptpr\u00fcfung Fl\u00e4che: in AusbildungVorpr\u00fcfung Tr\u00fcmmer: in AusbildungHauptpr\u00fcfung Tr\u00fcmmer: in Ausbildung Carla kommt urspr\u00fcnglich aus dem griechischen Tierschutz. Heute ist sie eine junge Dobermann-H\u00fcndin voller Herz und Energie. Sie vereint die [&hellip;]<\/p>\n","protected":false},"author":1,"featured_media":0,"parent":0,"menu_order":0,"comment_status":"closed","ping_status":"closed","template":"","meta":{"footnotes":""},"class_list":["post-3020","page","type-page","status-publish","hentry"],"_links":{"self":[{"href":"https:\/\/rhs-emscher-lippe.de\/index.php?rest_route=\/wp\/v2\/pages\/3020","targetHints":{"allow":["GET"]}}],"collection":[{"href":"https:\/\/rhs-emscher-lippe.de\/index.php?rest_route=\/wp\/v2\/pages"}],"about":[{"href":"https:\/\/rhs-emscher-lippe.de\/index.php?rest_route=\/wp\/v2\/types\/page"}],"author":[{"embeddable":true,"href":"https:\/\/rhs-emscher-lippe.de\/index.php?rest_route=\/wp\/v2\/users\/1"}],"replies":[{"embeddable":true,"href":"https:\/\/rhs-emscher-lippe.de\/index.php?rest_route=%2Fwp%2Fv2%2Fcomments&post=3020"}],"version-history":[{"count":8,"href":"https:\/\/rhs-emscher-lippe.de\/index.php?rest_route=\/wp\/v2\/pages\/3020\/revisions"}],"predecessor-version":[{"id":3146,"href":"https:\/\/rhs-emscher-lippe.de\/index.php?rest_route=\/wp\/v2\/pages\/3020\/revisions\/3146"}],"wp:attachment":[{"href":"https:\/\/rhs-emscher-lippe.de\/index.php?rest_route=%2Fwp%2Fv2%2Fmedia&parent=3020"}],"curies":[{"name":"wp","href":"https:\/\/api.w.org\/{rel}","templated":true}]}}