{"id":19,"date":"2020-07-05T21:20:36","date_gmt":"2020-07-05T21:20:36","guid":{"rendered":"http:\/\/rhs-emscher-lippe.de\/?page_id=19"},"modified":"2025-09-03T14:39:11","modified_gmt":"2025-09-03T14:39:11","slug":"spenden","status":"publish","type":"page","link":"https:\/\/rhs-emscher-lippe.de\/?page_id=19","title":{"rendered":"Spenden"},"content":{"rendered":"\n<p>Unsere Rettungshundestaffel finanziert sich ausschlie\u00dflich durch Mitgliedsbeitr\u00e4ge sowie Sach- und Geldspenden.<\/p>\n\n\n\n<p>Da wir keinerlei \u00f6ffentliche Gelder erhalten um uns und unsere Hunden auf Eins\u00e4tze vorbereiten zu k\u00f6nnen, sind wir auch auf&nbsp;<em><u>Ihre<\/u><\/em>&nbsp;Unterst\u00fctzung&nbsp;angewiesen!<\/p>\n\n\n\n<p>Bitte spenden Sie f\u00fcr die Rettungshundearbeit in unserer Staffel<\/p>\n\n\n<p><strong><u data-rich-text-format-boundary=\"true\">Spendenkonto<\/u><\/strong><\/p>\n\n\n<figure class=\"wp-block-table is-style-regular\"><table class=\"has-fixed-layout\"><tbody><tr><td><strong>Sparkasse Dortmund<\/strong><br><strong>BLZ: 44050199<\/strong><br><strong>KontoNr: 111 113 467<\/strong><br><strong>IBAN: DE25 4405 0199 0111 1134 67<\/strong><br><strong>BIC: DORTDE33XXX<\/strong><br><strong>Verwendungszweck: Adresse + \u201eSpende\u201c<\/strong><\/td><td class=\"has-text-align-center\" data-align=\"center\"><img loading=\"lazy\" decoding=\"async\" width=\"150\" height=\"40\" class=\"wp-image-1297\" style=\"width: 150px;\" src=\"https:\/\/rhs-emscher-lippe.de\/wp-content\/uploads\/2020\/11\/paypal-logo-png.png\" alt=\"\" srcset=\"https:\/\/rhs-emscher-lippe.de\/wp-content\/uploads\/2020\/11\/paypal-logo-png.png 2000w, https:\/\/rhs-emscher-lippe.de\/wp-content\/uploads\/2020\/11\/paypal-logo-png-300x80.png 300w, https:\/\/rhs-emscher-lippe.de\/wp-content\/uploads\/2020\/11\/paypal-logo-png-1024x273.png 1024w, https:\/\/rhs-emscher-lippe.de\/wp-content\/uploads\/2020\/11\/paypal-logo-png-768x205.png 768w, https:\/\/rhs-emscher-lippe.de\/wp-content\/uploads\/2020\/11\/paypal-logo-png-1536x409.png 1536w\" sizes=\"auto, (max-width: 150px) 100vw, 150px\" \/><br><style>\r\n        .wpedon-container .wpedon-select,\r\n        .wpedon-container .wpedon-input {\r\n            width: 171px;\r\n            min-width: 171px;\r\n            max-width: 171px;\r\n        }\r\n    <\/style><div class='wpedon-container wpedon-align-left'><form target='_blank' action='https:\/\/www.paypal.com\/cgi-bin\/webscr' method='post' class='wpedon-form'><input type='hidden' name='cmd' value='_donations' \/><input type='hidden' name='business' value='paypal@rhs-emscher-lippe.de' \/><input type='hidden' name='currency_code' value='EUR' \/><input type='hidden' name='notify_url' value='https:\/\/rhs-emscher-lippe.de\/wp-admin\/admin-post.php?action=add_wpedon_button_ipn'><input type='hidden' name='lc' value='de_DE'><input type='hidden' name='bn' value='WPPlugin_SP'><input type='hidden' name='return' value='' \/><input type='hidden' name='cancel_return' value='' \/><input class='wpedon_paypalbuttonimage' type='image' src='https:\/\/www.paypal.com\/de_DE\/DE\/i\/btn\/btn_donateCC_LG.gif' border='0' name='submit' alt='Make your payments with PayPal. It is free, secure, effective.' style='border: none;'><img alt='' border='0' style='border:none;display:none;' src='https:\/\/www.paypal.com\/de_DE\/i\/scr\/pixel.gif' width='1' height='1'><input type='hidden' name='amount' id='amount_0368b1bd55c4c0afd03966292b7c6337' value='' \/><input type='hidden' name='price' id='price_0368b1bd55c4c0afd03966292b7c6337' value='' \/><input type='hidden' name='item_number' value='' \/><input type='hidden' name='item_name' value='' \/><input type='hidden' name='name' value='' \/><input type='hidden' name='custom' value='1289'><input type='hidden' name='no_shipping' value='1'><input type='hidden' name='no_note' value='1'><input type='hidden' name='currency_code' value='EUR'><\/form><\/div><\/td><\/tr><\/tbody><\/table><\/figure>\n\n\n\n<p><\/p>\n","protected":false},"excerpt":{"rendered":"<p>Unsere Rettungshundestaffel finanziert sich ausschlie\u00dflich durch Mitgliedsbeitr\u00e4ge sowie Sach- und Geldspenden. Da wir keinerlei \u00f6ffentliche Gelder erhalten um uns und unsere Hunden auf Eins\u00e4tze vorbereiten zu k\u00f6nnen, sind wir auch auf&nbsp;Ihre&nbsp;Unterst\u00fctzung&nbsp;angewiesen! Bitte spenden Sie f\u00fcr die Rettungshundearbeit in unserer Staffel Spendenkonto Sparkasse DortmundBLZ: 44050199KontoNr: 111 113 467IBAN: DE25 4405 0199 0111 1134 67BIC: DORTDE33XXXVerwendungszweck: Adresse [&hellip;]<\/p>\n","protected":false},"author":1,"featured_media":0,"parent":0,"menu_order":0,"comment_status":"closed","ping_status":"closed","template":"","meta":{"footnotes":""},"class_list":["post-19","page","type-page","status-publish","hentry"],"_links":{"self":[{"href":"https:\/\/rhs-emscher-lippe.de\/index.php?rest_route=\/wp\/v2\/pages\/19","targetHints":{"allow":["GET"]}}],"collection":[{"href":"https:\/\/rhs-emscher-lippe.de\/index.php?rest_route=\/wp\/v2\/pages"}],"about":[{"href":"https:\/\/rhs-emscher-lippe.de\/index.php?rest_route=\/wp\/v2\/types\/page"}],"author":[{"embeddable":true,"href":"https:\/\/rhs-emscher-lippe.de\/index.php?rest_route=\/wp\/v2\/users\/1"}],"replies":[{"embeddable":true,"href":"https:\/\/rhs-emscher-lippe.de\/index.php?rest_route=%2Fwp%2Fv2%2Fcomments&post=19"}],"version-history":[{"count":15,"href":"https:\/\/rhs-emscher-lippe.de\/index.php?rest_route=\/wp\/v2\/pages\/19\/revisions"}],"predecessor-version":[{"id":3136,"href":"https:\/\/rhs-emscher-lippe.de\/index.php?rest_route=\/wp\/v2\/pages\/19\/revisions\/3136"}],"wp:attachment":[{"href":"https:\/\/rhs-emscher-lippe.de\/index.php?rest_route=%2Fwp%2Fv2%2Fmedia&parent=19"}],"curies":[{"name":"wp","href":"https:\/\/api.w.org\/{rel}","templated":true}]}}