{"id":1861,"date":"2022-01-25T08:37:38","date_gmt":"2022-01-25T08:37:38","guid":{"rendered":"https:\/\/rhs-emscher-lippe.de\/?page_id=1861"},"modified":"2024-03-06T19:17:55","modified_gmt":"2024-03-06T19:17:55","slug":"vincent-meyer","status":"publish","type":"page","link":"https:\/\/rhs-emscher-lippe.de\/?page_id=1861","title":{"rendered":"Vincent Meyer"},"content":{"rendered":"\n<figure class=\"wp-block-table\"><table class=\"has-fixed-layout\"><tbody><tr><td class=\"has-text-align-center\" data-align=\"center\"><img loading=\"lazy\" decoding=\"async\" width=\"150\" height=\"177\" class=\"wp-image-2246\" style=\"width: 150px;\" src=\"https:\/\/rhs-emscher-lippe.de\/wp-content\/uploads\/2023\/03\/Bild4.jpg\" alt=\"\" srcset=\"https:\/\/rhs-emscher-lippe.de\/wp-content\/uploads\/2023\/03\/Bild4.jpg 273w, https:\/\/rhs-emscher-lippe.de\/wp-content\/uploads\/2023\/03\/Bild4-254x300.jpg 254w\" sizes=\"auto, (max-width: 150px) 100vw, 150px\" \/><\/td><td class=\"has-text-align-center\" data-align=\"center\"> <strong>Mitglied im BRH seit dem 09.02.2022<br><\/strong><br> Suchtrupphelfer<br>Hundef\u00fchrer in Ausbildung<br><br><br><strong>zus\u00e4tzliche Qualifikation<\/strong><br><\/td><\/tr><\/tbody><\/table><\/figure>\n\n\n\n<figure class=\"wp-block-table\"><table class=\"has-fixed-layout\"><tbody><tr><td><strong>Rudi <\/strong><br><br>Rufname Rudi<br>Rasse: Deutsch Drahthaar<br>Geschlecht: R\u00fcde<br>Wurftag: 01.01.2020<br><br><strong><strong>Ausbildungskennzeichen:<\/strong><br><\/strong>Begleithundepr\u00fcfung: \u00a02023<br>Fl\u00e4chenvorpr\u00fcfung: 21.05.2023<br>Hauptpr\u00fcfung Fl\u00e4che: 14.10.2023<br><br>j\u00e4hrliche Wiederholung der Pr\u00fcfung <br><br>Privat: Rudi ist seit seiner 10. Lebenswoche ein Homeoffic- Hund und daher zuhause die Entspanntheit in Person. Er schaltet zuhause komplett auf &#8218;aus&#8216; und manchmal vergisst man v\u00f6llig, dass er auch vor Ort ist. Wenn man ihn sucht, findet man ihn jedoch zu 95% in R\u00fcckenlage auf dem Sofa, und das auch gerne 8 Stunden am St\u00fcck:-)   Arbeit: In der Arbeit ist Rudi jedoch per Schalter sofort auf &#8218;an&#8216; geschaltet. Rassetypisch liebt er das Suchen und verf\u00fcgt \u00fcber eine enorme Laufausdauer und Arbeitsh\u00e4rte. Das Suchspiel mit Menschen ist f\u00fcr ihn das Gr\u00f6\u00dfte, wobei er sich sowohl f\u00fcr die Fl\u00e4che (Rennen!) als auch die Tr\u00fcmmer gleicherma\u00dfen begeistern kann. Wenn mal Trainingspause oder Urlaub ist, findet man ihn mit Vorliebe auch im Zuggeschirr vor Fahrrad, Scooter oder Mensch.\u00a0<\/td><td class=\"has-text-align-center\" data-align=\"center\"><img loading=\"lazy\" decoding=\"async\" width=\"150\" height=\"177\" class=\"wp-image-2246\" style=\"width: 150px;\" src=\"https:\/\/rhs-emscher-lippe.de\/wp-content\/uploads\/2023\/03\/Bild4.jpg\" alt=\"\" srcset=\"https:\/\/rhs-emscher-lippe.de\/wp-content\/uploads\/2023\/03\/Bild4.jpg 273w, https:\/\/rhs-emscher-lippe.de\/wp-content\/uploads\/2023\/03\/Bild4-254x300.jpg 254w\" sizes=\"auto, (max-width: 150px) 100vw, 150px\" \/><\/td><\/tr><\/tbody><\/table><\/figure>\n","protected":false},"excerpt":{"rendered":"<p>Mitglied im BRH seit dem 09.02.2022 SuchtrupphelferHundef\u00fchrer in Ausbildung zus\u00e4tzliche Qualifikation Rudi Rufname RudiRasse: Deutsch DrahthaarGeschlecht: R\u00fcdeWurftag: 01.01.2020 Ausbildungskennzeichen:Begleithundepr\u00fcfung: \u00a02023Fl\u00e4chenvorpr\u00fcfung: 21.05.2023Hauptpr\u00fcfung Fl\u00e4che: 14.10.2023 j\u00e4hrliche Wiederholung der Pr\u00fcfung Privat: Rudi ist seit seiner 10. Lebenswoche ein Homeoffic- Hund und daher zuhause die Entspanntheit in Person. Er schaltet zuhause komplett auf &#8218;aus&#8216; und manchmal vergisst man v\u00f6llig, [&hellip;]<\/p>\n","protected":false},"author":1,"featured_media":0,"parent":0,"menu_order":0,"comment_status":"closed","ping_status":"closed","template":"","meta":{"footnotes":""},"class_list":["post-1861","page","type-page","status-publish","hentry"],"_links":{"self":[{"href":"https:\/\/rhs-emscher-lippe.de\/index.php?rest_route=\/wp\/v2\/pages\/1861","targetHints":{"allow":["GET"]}}],"collection":[{"href":"https:\/\/rhs-emscher-lippe.de\/index.php?rest_route=\/wp\/v2\/pages"}],"about":[{"href":"https:\/\/rhs-emscher-lippe.de\/index.php?rest_route=\/wp\/v2\/types\/page"}],"author":[{"embeddable":true,"href":"https:\/\/rhs-emscher-lippe.de\/index.php?rest_route=\/wp\/v2\/users\/1"}],"replies":[{"embeddable":true,"href":"https:\/\/rhs-emscher-lippe.de\/index.php?rest_route=%2Fwp%2Fv2%2Fcomments&post=1861"}],"version-history":[{"count":15,"href":"https:\/\/rhs-emscher-lippe.de\/index.php?rest_route=\/wp\/v2\/pages\/1861\/revisions"}],"predecessor-version":[{"id":2817,"href":"https:\/\/rhs-emscher-lippe.de\/index.php?rest_route=\/wp\/v2\/pages\/1861\/revisions\/2817"}],"wp:attachment":[{"href":"https:\/\/rhs-emscher-lippe.de\/index.php?rest_route=%2Fwp%2Fv2%2Fmedia&parent=1861"}],"curies":[{"name":"wp","href":"https:\/\/api.w.org\/{rel}","templated":true}]}}