{"id":184,"date":"2020-07-07T20:42:47","date_gmt":"2020-07-07T20:42:47","guid":{"rendered":"http:\/\/rhs-emscher-lippe.de\/?page_id=184"},"modified":"2025-02-24T17:02:19","modified_gmt":"2025-02-24T17:02:19","slug":"datenschutz","status":"publish","type":"page","link":"https:\/\/rhs-emscher-lippe.de\/?page_id=184","title":{"rendered":"Datenschutzerkl\u00e4rung"},"content":{"rendered":"\n<p><strong>Allgemeine Hinweise<\/strong><\/p>\n\n\n\n<p>Die folgenden Hinweise geben einen einfachen \u00dcberblick dar\u00fcber, was mit Ihren personenbezogenen Daten passiert, wenn Sie unsere Website besuchen, mit uns in Kontakt treten oder uns als Spender oder F\u00f6rderer eine Zuwendung zukommen lassen.<\/p>\n\n\n\n<p><strong>1. Wer ist f\u00fcr die Datenverarbeitung verantwortlich und an wen kann ich mich wenden?<\/strong><\/p>\n\n\n\n<p><strong>Die verantwortliche Stelle ist:<\/strong><\/p>\n\n\n\n<p>BRH Rettungshundestaffel Emscher-Lippe e.V.<br>&#8211; Gesch\u00e4ftsstelle &#8211;<br>\u00a0M\u00f6wenweg 23, <br> 45772 Marl \/ Deutschland<br><br>E-Mail: Bitte nutzen Sie unser Kontaktformular<\/p>\n\n\n\n<p><strong>2. Welche Quellen und Daten nutzen wir?<\/strong><\/p>\n\n\n\n<p>Wir verarbeiten personenbezogene Daten, die die Sie uns im Rahmen einer Gesch\u00e4ftsbeziehung als Mitglied, Spender oder F\u00f6rderer oder beim Besuch dieses Internetauftritts selbst zur Verf\u00fcgung gestellt haben. Nicht unmittelbar bei Ihnen erhobene Daten stammen aus verschiedenen Quellen, ggfs. auch aus \u00f6ffentlich zug\u00e4nglichen Quellen, wie etwa Telefonverzeichnissen.<\/p>\n\n\n\n<p><strong>3. Auf welcher Rechtsgrundlage verarbeiten wir Ihre Daten?<\/strong><\/p>\n\n\n\n<p>Wir verarbeiten personenbezogene Daten im Einklang mit den Bestimmungen der Europ\u00e4ischen Datenschutz- Grundverordnung (DS-GVO) und dem Bundesdatenschutzgesetz (BDSG).<\/p>\n\n\n\n<p>Hierbei werden Ihre Daten<\/p>\n\n\n\n<ul class=\"wp-block-list\">\n<li>zur Abwicklung unserer satzungsgem\u00e4\u00dfen Zwecke auf den Rechtsgrundlagen Art. 6 Abs. 1 lit. b) DS-GVO (Verarbeitung zur Erf\u00fcllung vertraglicher Pflichten) sowie Art 6 Abs. 1 lit. d) DS-GVO (die Verarbeitung ist erforderlich um lebenswichtige Interessen der betroffenen oder einer anderen nat\u00fcrlichen Person zu sch\u00fctzen),<\/li>\n\n\n\n<li>f\u00fcr die Abwicklung von Zuwendungen auf den Rechtsgrundlagen Art. 6 Abs. 1 lit. b) DS-GVO (Verarbeitung zur Erf\u00fcllung vertraglicher Pflichten) und Art. 6 Abs. 1 lit. c) DS-GVO (Verarbeitung zur Erf\u00fcllung von rechtlichen Pflichten),<\/li>\n\n\n\n<li>sowie f\u00fcr eigene Werbezwecke, Rechtsgrundlage Art. 6 Abs. 1 lit. f) (Interessenabw\u00e4gung) mit ErwG 47, verarbeitet.<\/li>\n<\/ul>\n\n\n\n<p><strong>4. Wer bekommt Ihrer Daten<\/strong><\/p>\n\n\n\n<p>Innerhalb unserer Organisation erhalten diejenigen Stellen Ihre Daten, die diese zur Erf\u00fcllung unserer vertraglichen und gesetzlichen Pflichten ben\u00f6tigen. Auch von uns eingesetzte Auftragsverarbeiter (Art. 28 DS-GVO) k\u00f6nnen Ihre Daten im Rahmen der vereinbarten Leistungen erhalten. An Dritte geben wir Ihrer Daten nur weiter, soweit wir hierzu gesetzlich verpflichtet sind.<\/p>\n\n\n\n<p>Es besteht keine Absicht Ihre personenbezogenen Daten an einen Empf\u00e4nger in ein Drittland zu \u00fcbermitteln.<\/p>\n\n\n\n<p><strong>5. Wie lange werden Ihre Daten gespeichert?<\/strong><\/p>\n\n\n\n<p>Ihre Daten werden nach Ablauf der gesetzlichen Aufbewahrungsfristen gel\u00f6scht, soweit nicht die weitere Verarbeitung f\u00fcr die Geltendmachung, Aus\u00fcbung oder Verteidigung von Rechtsanspr\u00fcchen oder eine werbliche Kontaktaufnahme erforderlich ist. Letzteres pr\u00fcfen wir mit Ende der Gesch\u00e4ftsbeziehung oder Mitgliedschaft.<\/p>\n\n\n\n<p><strong>6. Welche Rechte haben Sie<\/strong><\/p>\n\n\n\n<p>Sie k\u00f6nnen von uns Auskunft \u00fcber die gespeicherten Daten verlangen und haben das Recht auf Berichtigung unrichtiger Daten, auf Einschr\u00e4nkung der Verarbeitung sowie ein Recht auf L\u00f6schung, soweit dem keine Aufbewahrungspflicht entgegensteht. Im Hinblick auf die Sie betreffenden personenbezogenen Daten, die Sie uns, etwa in einer Eingabemaske oder einem Kontaktformular, aufgrund einer Einwilligung oder zur Durchf\u00fchrung eines zwischen uns bestehenden Vertrages bereitgestellt haben, steht Ihnen ein Recht auf Daten\u00fcbertragbarkeit in einem strukturierten, g\u00e4ngigen und maschinenlesbaren Format zu.<\/p>\n\n\n\n<p>Soweit die Verarbeitung Ihrer Daten auf einer Einwilligung beruht, Rechtsgrundlage Art. 6 Abs. 1 lit. a) DS-GVO, haben Sie das Recht, die Einwilligung jederzeit zu widerrufen, ohne dass die Rechtm\u00e4\u00dfigkeit der aufgrund der Einwilligung bis zum Widerruf erfolgten Verarbeitung ber\u00fchrt wird. Gesetzliche Erlaubnistatbestande bleiben von einem Widerruf der Einwilligung unber\u00fchrt.<\/p>\n\n\n\n<p>Sie k\u00f6nnen gegen die Verarbeitung Ihrer personenbezogenen Daten zu Werbezwecken jederzeit Widerspruch einlegen. Das gilt auch f\u00fcr eine darauf bezogene Evaluierung bestimmter Merkmale. Daneben besteht ein Widerspruchsrecht aus Gr\u00fcnden, die sich aus Ihrer besonderen Situation ergeben, gegen eine Verarbeitung zu sonstigen Zwecken, die aufgrund einer Interessenabw\u00e4gung erfolgt.<\/p>\n\n\n\n<p><strong>7. Beschwerderecht bei einer Datenschutz-Aufsichtsbeh\u00f6rde<\/strong><\/p>\n\n\n\n<p>Sie haben ein Beschwerderecht bei einer Datenschutz-Aufsichtsbeh\u00f6rde, etwa bei dem f\u00fcr uns zust\u00e4ndigen Landesbeauftragten f\u00fcr den Datenschutz und Informationsfreiheit Nordrhein-Westfalen, Kavalleriestr. 2-4, 40213 D\u00fcsseldorf, E-Mail:&nbsp;<a href=\"mailto:poststelle@ldi.nrw.de\">poststelle@ldi.nrw.de<\/a><\/p>\n\n\n\n<p><strong>8. Datenerfassung auf unserer Website<\/strong><\/p>\n\n\n\n<p><strong>8.1 Allgemeine Hinweise<\/strong><\/p>\n\n\n\n<p>Die Betreiber dieser Seiten nehmen den Schutz Ihrer pers\u00f6nlichen Daten sehr ernst. Wir behandeln Ihre personenbezogenen Daten vertraulich und entsprechend der gesetzlichen Datenschutzvorschriften sowie dieser Datenschutzerkl\u00e4rung.<\/p>\n\n\n\n<p>Wenn Sie diese Website benutzen, werden verschiedene personenbezogene Daten erhoben. Personenbezogene Daten sind Daten, mit denen Sie pers\u00f6nlich identifiziert werden k\u00f6nnen. Nachfolgend erl\u00e4utern wir, welche Daten wir beim Besuch unserer Webseite erheben und wof\u00fcr wir sie nutzen. Sie erl\u00e4utert auch, wie und zu welchem Zweck das geschieht.<\/p>\n\n\n\n<p>Wir weisen darauf hin, dass die Daten\u00fcbertragung im Internet (z.B. bei der Kommunikation per E-Mail) Sicherheitsl\u00fccken aufweisen kann. Ein l\u00fcckenloser Schutz der Daten vor dem Zugriff durch Dritte ist nicht m\u00f6glich.<\/p>\n\n\n\n<p><strong>8.2 SSL- bzw. TLS-Verschl\u00fcsselung<\/strong><\/p>\n\n\n\n<p>Diese Seite nutzt aus Sicherheitsgr\u00fcnden und zum Schutz der \u00dcbertragung vertraulicher Inhalte, wie zum Beispiel Bestellungen oder Anfragen, die Sie an uns als Seitenbetreiber senden, eine SSL-bzw. TLS-Verschl\u00fcsselung. Eine verschl\u00fcsselte Verbindung erkennen Sie daran, dass die Adresszeile des Browsers von \u201chttp:\/\/\u201d auf \u201chttps:\/\/\u201d wechselt und an dem Schloss-Symbol in Ihrer Browserzeile.<\/p>\n\n\n\n<p>Wenn die SSL- bzw. TLS-Verschl\u00fcsselung aktiviert ist, k\u00f6nnen die Daten, die Sie an uns \u00fcbermitteln, nicht von Dritten mitgelesen werden.<\/p>\n\n\n\n<p><strong>8.3 Wer ist verantwortlich f\u00fcr die Datenerfassung auf dieser Website?<\/strong><\/p>\n\n\n\n<p>Die Datenverarbeitung auf dieser Website erfolgt durch den Websitebetreiber. Dessen Kontaktdaten k\u00f6nnen Sie dem Impressum dieser Website entnehmen.<\/p>\n\n\n\n<p><strong>8.4 Wie erfassen wir Ihre Daten?<\/strong><\/p>\n\n\n\n<p>Ihre Daten werden zum einen dadurch erhoben, dass Sie uns diese mitteilen. Hierbei kann es sich z.B. um Daten handeln, die Sie in ein Kontaktformular eingeben.<\/p>\n\n\n\n<p>Andere Daten werden automatisch beim Besuch der Website durch unsere IT-Systeme erfasst. Das sind vor allem technische Daten (z.B. Internetbrowser, Betriebssystem oder Uhrzeit des Seitenaufrufs). Die Erfassung dieser Daten erfolgt automatisch, sobald Sie unsere Website betreten.<\/p>\n\n\n\n<p><strong>8.5 Wof\u00fcr nutzen wir Ihre Daten?<\/strong><\/p>\n\n\n\n<p>Ein Teil der Daten wird erhoben, um eine fehlerfreie Bereitstellung der Website zu gew\u00e4hrleisten. Andere Daten k\u00f6nnen zur Analyse Ihres Nutzerverhaltens verwendet werden.<\/p>\n\n\n\n<p><strong>8.6 Analyse-Tools und Tools von Drittanbietern<\/strong><\/p>\n\n\n\n<p>Beim Besuch unserer Website kann Ihr Surf-Verhalten statistisch ausgewertet werden. Das geschieht vor allem mit Cookies und mit sogenannten Analyseprogrammen. Die Analyse Ihres Surf-Verhaltens erfolgt in der Regel anonym; das Surf-Verhalten kann nicht zu Ihnen zur\u00fcckverfolgt werden. Sie k\u00f6nnen dieser Analyse widersprechen oder sie durch die Nichtbenutzung bestimmter Tools verhindern.<\/p>\n\n\n\n<p><strong>8.7 Cookies<\/strong><\/p>\n\n\n\n<p>Die Internetseiten verwenden teilweise so genannte Cookies. Cookies richten auf Ihrem Rechner keinen Schaden an und enthalten keine Viren. Cookies dienen dazu, unser Angebot nutzerfreundlicher, effektiver und sicherer zu machen. Cookies sind kleine Textdateien, die auf Ihrem Rechner abgelegt werden und die Ihr Browser speichert.<\/p>\n\n\n\n<p>Die meisten der von uns verwendeten Cookies sind so genannte \u201cSession-Cookies\u201d. Sie werden nach Ende Ihres Besuchs automatisch gel\u00f6scht. Andere Cookies bleiben auf Ihrem Endger\u00e4t gespeichert bis Sie diese l\u00f6schen. Diese Cookies erm\u00f6glichen es uns, Ihren Browser beim n\u00e4chsten Besuch wiederzuerkennen.<\/p>\n\n\n\n<p>Sie k\u00f6nnen Ihren Browser so einstellen, dass Sie \u00fcber das Setzen von Cookies informiert werden und Cookies nur im Einzelfall erlauben, die Annahme von Cookies f\u00fcr bestimmte F\u00e4lle oder generell ausschlie\u00dfen sowie das automatische L\u00f6schen der Cookies beim Schlie\u00dfen des Browsers aktivieren. Bei der Deaktivierung von Cookies kann die Funktionalit\u00e4t dieser Website eingeschr\u00e4nkt sein.<\/p>\n\n\n\n<p>Cookies, die zur Durchf\u00fchrung des elektronischen Kommunikationsvorgangs oder zur Bereitstellung bestimmter, von Ihnen erw\u00fcnschter Funktionen (z.B. Warenkorbfunktion) erforderlich sind, werden auf Grundlage von Art. 6 Abs. 1 lit. f) DS-GVO gespeichert. Der Websitebetreiber hat ein berechtigtes Interesse an der Speicherung von Cookies zur technisch fehlerfreien und optimierten Bereitstellung seiner Dienste. Soweit andere Cookies (z.B. Cookies zur Analyse Ihres Surfverhaltens) gespeichert werden, werden diese in dieser Datenschutzerkl\u00e4rung gesondert behandelt.<\/p>\n\n\n\n<p><strong>8.8 Server-Log-Dateien<\/strong><\/p>\n\n\n\n<p>Der Provider der Seiten erhebt und speichert automatisch Informationen in so genannten Server-Log-Dateien, die Ihr Browser automatisch an uns \u00fcbermittelt. Dies sind:<\/p>\n\n\n\n<ul class=\"wp-block-list\">\n<li>Browsertyp und Browserversion<\/li>\n\n\n\n<li>verwendetes Betriebssystem<\/li>\n\n\n\n<li>Referrer URL<\/li>\n\n\n\n<li>Hostname des zugreifenden Rechners<\/li>\n\n\n\n<li>Uhrzeit der Serveranfrage<\/li>\n\n\n\n<li>IP-Adresse<\/li>\n<\/ul>\n\n\n\n<p>Eine Zusammenf\u00fchrung dieser Daten mit anderen Datenquellen wird nicht vorgenommen.<\/p>\n\n\n\n<p>Grundlage f\u00fcr die Datenverarbeitung ist Art. 6 Abs. 1 lit. b) DS-GVO, der die Verarbeitung von Daten zur Erf\u00fcllung eines Vertrags oder vorvertraglicher Ma\u00dfnahmen gestattet.<\/p>\n\n\n\n<p><strong>8.9 Plugins und Tools<\/strong><\/p>\n\n\n\n<p><em><strong>YouTube<\/strong><\/em><\/p>\n\n\n\n<p>Unsere Website nutzt Plugins der von Google betriebenen Seite YouTube. Betreiber der Seiten ist die YouTube, LLC, 901 Cherry Ave., San Bruno, CA 94066, USA.<\/p>\n\n\n\n<p>Wenn Sie eine unserer mit einem YouTube-Plugin ausgestatteten Seiten besuchen, wird eine Verbindung zu den Servern von YouTube hergestellt. Dabei wird dem YouTube-Server mitgeteilt, welche unserer Seiten Sie besucht haben.<\/p>\n\n\n\n<p>Wenn Sie in Ihrem YouTube-Account eingeloggt sind, erm\u00f6glichen Sie YouTube, Ihr Surfverhalten direkt Ihrem pers\u00f6nlichen Profil zuzuordnen. Dies k\u00f6nnen Sie verhindern, indem Sie sich aus Ihrem YouTube-Account ausloggen.<\/p>\n\n\n\n<p>Die Nutzung von YouTube erfolgt im Interesse einer ansprechenden Darstellung unserer Online-Angebote. Dies stellt ein berechtigtes Interesse im Sinne von Art. 6 Abs. 1 lit. f) DS-GVO dar.<\/p>\n\n\n\n<p>Weitere Informationen zum Umgang mit Nutzerdaten finden Sie in der Datenschutzerkl\u00e4rung von YouTube unter:&nbsp;<a href=\"https:\/\/www.google.de\/intl\/de\/policies\/privacy\">https:\/\/www.google.de\/intl\/de\/policies\/privacy<\/a>.<\/p>\n\n\n\n<p><\/p>\n\n\n\n<p>Letzte Aktualisierung: 2025<\/p>\n","protected":false},"excerpt":{"rendered":"<p>Allgemeine Hinweise Die folgenden Hinweise geben einen einfachen \u00dcberblick dar\u00fcber, was mit Ihren personenbezogenen Daten passiert, wenn Sie unsere Website besuchen, mit uns in Kontakt treten oder uns als Spender oder F\u00f6rderer eine Zuwendung zukommen lassen. 1. Wer ist f\u00fcr die Datenverarbeitung verantwortlich und an wen kann ich mich wenden? Die verantwortliche Stelle ist: BRH [&hellip;]<\/p>\n","protected":false},"author":1,"featured_media":0,"parent":0,"menu_order":0,"comment_status":"closed","ping_status":"closed","template":"","meta":{"footnotes":""},"class_list":["post-184","page","type-page","status-publish","hentry"],"_links":{"self":[{"href":"https:\/\/rhs-emscher-lippe.de\/index.php?rest_route=\/wp\/v2\/pages\/184","targetHints":{"allow":["GET"]}}],"collection":[{"href":"https:\/\/rhs-emscher-lippe.de\/index.php?rest_route=\/wp\/v2\/pages"}],"about":[{"href":"https:\/\/rhs-emscher-lippe.de\/index.php?rest_route=\/wp\/v2\/types\/page"}],"author":[{"embeddable":true,"href":"https:\/\/rhs-emscher-lippe.de\/index.php?rest_route=\/wp\/v2\/users\/1"}],"replies":[{"embeddable":true,"href":"https:\/\/rhs-emscher-lippe.de\/index.php?rest_route=%2Fwp%2Fv2%2Fcomments&post=184"}],"version-history":[{"count":5,"href":"https:\/\/rhs-emscher-lippe.de\/index.php?rest_route=\/wp\/v2\/pages\/184\/revisions"}],"predecessor-version":[{"id":3056,"href":"https:\/\/rhs-emscher-lippe.de\/index.php?rest_route=\/wp\/v2\/pages\/184\/revisions\/3056"}],"wp:attachment":[{"href":"https:\/\/rhs-emscher-lippe.de\/index.php?rest_route=%2Fwp%2Fv2%2Fmedia&parent=184"}],"curies":[{"name":"wp","href":"https:\/\/api.w.org\/{rel}","templated":true}]}}