{"id":17,"date":"2020-07-05T21:19:40","date_gmt":"2020-07-05T21:19:40","guid":{"rendered":"http:\/\/rhs-emscher-lippe.de\/?page_id=17"},"modified":"2020-07-05T21:19:40","modified_gmt":"2020-07-05T21:19:40","slug":"unterstuetzung","status":"publish","type":"page","link":"https:\/\/rhs-emscher-lippe.de\/?page_id=17","title":{"rendered":"Unterst\u00fctzung"},"content":{"rendered":"\n<p><strong>Wir brauchen&nbsp;<em><u>Ihre<\/u><\/em>&nbsp;Unterst\u00fctzung!<\/strong><\/p>\n\n\n\n<p>Die Rettungshundearbeit unserer Staffel basiert auf der Organisationsform eines als gemeinn\u00fctzig anerkannten Vereins, der in die Katastrophenschutzorganisation des&nbsp; Kreises Recklinghausen eingebunden ist.<\/p>\n\n\n\n<p>Unsere Mitglieder sind zu 100% ehrenamtlich t\u00e4tig. Das bedeutet u.a., dass jedes Staffelmitglied f\u00fcr die Anschaffung, die Einsatzbereitschaft und den Ersatz jeglichen f\u00fcr Ausbildung und Einsatz pers\u00f6nlich ben\u00f6tigten Materials selbst verantwortlich ist und die Kosten daf\u00fcr tr\u00e4gt.<\/p>\n\n\n\n<p>Dar\u00fcber hinaus ist f\u00fcr die Sicherstellung der Einsatzbereitschaft unserer Staffel&nbsp;ein umfangreicher Materialpool sowie abwechslungsreiches Trainingsgel\u00e4nde&nbsp;notwendig.<\/p>\n\n\n\n<p>Die Pflege und Wartung unseres Materials wird mit viel Ehrgeiz und Enthusiasmus von unseren Staffelmitgliedern&nbsp;sichergestellt.<\/p>\n\n\n\n<p>Die Anschaffung eines Gro\u00dfteils des z.T. sehr kostspieligen Materials ist nur mit finanzieller bzw. materieller Unterst\u00fctzung von gro\u00dfz\u00fcgigen Menschen, Organisationen und Firmen m\u00f6glich!<\/p>\n\n\n\n<p><strong>Deshalb brauchen wir&nbsp;<u>SIE<\/u>&nbsp;und Ihre Unterst\u00fctzung, weil wir die Rettungshundearbeit auf professionellem Niveau&nbsp;als freiwilligen Dienst an der Gemeinschaft dauerhaft sicherstellen m\u00f6chten!<\/strong><\/p>\n","protected":false},"excerpt":{"rendered":"<p>Wir brauchen&nbsp;Ihre&nbsp;Unterst\u00fctzung! Die Rettungshundearbeit unserer Staffel basiert auf der Organisationsform eines als gemeinn\u00fctzig anerkannten Vereins, der in die Katastrophenschutzorganisation des&nbsp; Kreises Recklinghausen eingebunden ist. Unsere Mitglieder sind zu 100% ehrenamtlich t\u00e4tig. Das bedeutet u.a., dass jedes Staffelmitglied f\u00fcr die Anschaffung, die Einsatzbereitschaft und den Ersatz jeglichen f\u00fcr Ausbildung und Einsatz pers\u00f6nlich ben\u00f6tigten Materials selbst verantwortlich [&hellip;]<\/p>\n","protected":false},"author":1,"featured_media":0,"parent":0,"menu_order":0,"comment_status":"closed","ping_status":"closed","template":"","meta":{"footnotes":""},"class_list":["post-17","page","type-page","status-publish","hentry"],"_links":{"self":[{"href":"https:\/\/rhs-emscher-lippe.de\/index.php?rest_route=\/wp\/v2\/pages\/17","targetHints":{"allow":["GET"]}}],"collection":[{"href":"https:\/\/rhs-emscher-lippe.de\/index.php?rest_route=\/wp\/v2\/pages"}],"about":[{"href":"https:\/\/rhs-emscher-lippe.de\/index.php?rest_route=\/wp\/v2\/types\/page"}],"author":[{"embeddable":true,"href":"https:\/\/rhs-emscher-lippe.de\/index.php?rest_route=\/wp\/v2\/users\/1"}],"replies":[{"embeddable":true,"href":"https:\/\/rhs-emscher-lippe.de\/index.php?rest_route=%2Fwp%2Fv2%2Fcomments&post=17"}],"version-history":[{"count":1,"href":"https:\/\/rhs-emscher-lippe.de\/index.php?rest_route=\/wp\/v2\/pages\/17\/revisions"}],"predecessor-version":[{"id":18,"href":"https:\/\/rhs-emscher-lippe.de\/index.php?rest_route=\/wp\/v2\/pages\/17\/revisions\/18"}],"wp:attachment":[{"href":"https:\/\/rhs-emscher-lippe.de\/index.php?rest_route=%2Fwp%2Fv2%2Fmedia&parent=17"}],"curies":[{"name":"wp","href":"https:\/\/api.w.org\/{rel}","templated":true}]}}