{"id":125,"date":"2020-07-05T23:06:56","date_gmt":"2020-07-05T23:06:56","guid":{"rendered":"http:\/\/rhs-emscher-lippe.de\/?page_id=125"},"modified":"2024-08-24T19:03:36","modified_gmt":"2024-08-24T19:03:36","slug":"125-2","status":"publish","type":"page","link":"https:\/\/rhs-emscher-lippe.de\/","title":{"rendered":""},"content":{"rendered":"\n<h2 class=\"wp-block-heading has-text-align-center\" id=\"brh-rettungshundestaffel-emscher-lippe-e-v\">BRH Rettungshundestaffel Emscher-Lippe e.V.<\/h2>\n\n\n\n<h3 class=\"wp-block-heading has-text-align-center has-vivid-red-color has-text-color\" id=\"willkommen\">Willkommen<\/h3>\n\n\n\n<p class=\"has-text-align-center\"><img loading=\"lazy\" decoding=\"async\" width=\"450\" height=\"268\" class=\"wp-image-1734\" style=\"width: 450px;\" src=\"https:\/\/rhs-emscher-lippe.de\/wp-content\/uploads\/2021\/11\/garland_logo.jpg\" alt=\"\" srcset=\"https:\/\/rhs-emscher-lippe.de\/wp-content\/uploads\/2021\/11\/garland_logo.jpg 1619w, https:\/\/rhs-emscher-lippe.de\/wp-content\/uploads\/2021\/11\/garland_logo-300x178.jpg 300w, https:\/\/rhs-emscher-lippe.de\/wp-content\/uploads\/2021\/11\/garland_logo-1024x609.jpg 1024w, https:\/\/rhs-emscher-lippe.de\/wp-content\/uploads\/2021\/11\/garland_logo-768x457.jpg 768w, https:\/\/rhs-emscher-lippe.de\/wp-content\/uploads\/2021\/11\/garland_logo-1536x914.jpg 1536w\" sizes=\"auto, (max-width: 450px) 100vw, 450px\" \/><\/p>\n\n\n\n<h6 class=\"wp-block-heading has-text-align-center has-black-color has-text-color\" id=\"in-dringenden-fallen-sind-wir-24-stunden-fur-sie-erreichbar-uber-die\"><mark style=\"background-color:rgba(0, 0, 0, 0)\" class=\"has-inline-color has-black-color\">In <\/mark><strong><mark style=\"background-color:rgba(0, 0, 0, 0)\" class=\"has-inline-color has-vivid-red-color\">dringenden <\/mark><\/strong><mark style=\"background-color:rgba(0, 0, 0, 0)\" class=\"has-inline-color has-black-color\">F\u00e4llen sind wir 24 Stunden 7 Tage die Woche f\u00fcr Sie erreichbar \u00fcber die <\/mark><\/h6>\n\n\n\n<h5 class=\"wp-block-heading has-text-align-center has-luminous-vivid-amber-color has-text-color\" id=\"kreisleitstelle-recklinghausen-02361-9394-0\"><mark style=\"background-color:rgba(0, 0, 0, 0)\" class=\"has-inline-color has-vivid-red-color\"><strong>0177 206 61 42<\/strong><\/mark><\/h5>\n","protected":false},"excerpt":{"rendered":"<p>BRH Rettungshundestaffel Emscher-Lippe e.V. Willkommen In dringenden F\u00e4llen sind wir 24 Stunden 7 Tage die Woche f\u00fcr Sie erreichbar \u00fcber die 0177 206 61 42<\/p>\n","protected":false},"author":1,"featured_media":0,"parent":0,"menu_order":0,"comment_status":"closed","ping_status":"closed","template":"","meta":{"footnotes":""},"class_list":["post-125","page","type-page","status-publish","hentry"],"_links":{"self":[{"href":"https:\/\/rhs-emscher-lippe.de\/index.php?rest_route=\/wp\/v2\/pages\/125","targetHints":{"allow":["GET"]}}],"collection":[{"href":"https:\/\/rhs-emscher-lippe.de\/index.php?rest_route=\/wp\/v2\/pages"}],"about":[{"href":"https:\/\/rhs-emscher-lippe.de\/index.php?rest_route=\/wp\/v2\/types\/page"}],"author":[{"embeddable":true,"href":"https:\/\/rhs-emscher-lippe.de\/index.php?rest_route=\/wp\/v2\/users\/1"}],"replies":[{"embeddable":true,"href":"https:\/\/rhs-emscher-lippe.de\/index.php?rest_route=%2Fwp%2Fv2%2Fcomments&post=125"}],"version-history":[{"count":75,"href":"https:\/\/rhs-emscher-lippe.de\/index.php?rest_route=\/wp\/v2\/pages\/125\/revisions"}],"predecessor-version":[{"id":2901,"href":"https:\/\/rhs-emscher-lippe.de\/index.php?rest_route=\/wp\/v2\/pages\/125\/revisions\/2901"}],"wp:attachment":[{"href":"https:\/\/rhs-emscher-lippe.de\/index.php?rest_route=%2Fwp%2Fv2%2Fmedia&parent=125"}],"curies":[{"name":"wp","href":"https:\/\/api.w.org\/{rel}","templated":true}]}}