{"id":100,"date":"2020-07-05T22:34:34","date_gmt":"2020-07-05T22:34:34","guid":{"rendered":"http:\/\/rhs-emscher-lippe.de\/?page_id=100"},"modified":"2021-04-03T14:20:24","modified_gmt":"2021-04-03T14:20:24","slug":"einsatzfaehigkeit","status":"publish","type":"page","link":"https:\/\/rhs-emscher-lippe.de\/?page_id=100","title":{"rendered":"Einsatzf\u00e4higkeit"},"content":{"rendered":"\n<p>Alle Einsatzkr\u00e4fte (Einsatzhelfer, Gruppenf\u00fchrer, Zugf\u00fchrer und Hundef\u00fchrer) m\u00fcssen im Einsatzbereich theoretisch und praktisch in den verschiedenen Themenbereichen Kenntnisse erlangen. Diese Themen werden in regelm\u00e4\u00dfigen Einheiten den zuk\u00fcnftigen und aktuellen Einsatzkr\u00e4ften vermittelt.<\/p>\n\n\n\n<ul class=\"wp-block-list\"><li>Grundlagen der Einsatzorganisation<\/li><li>Versicherung<\/li><li>Verhalten im Einsatz<\/li><li>Handhabung der pers\u00f6nlichen Schutzausr\u00fcstung<\/li><li>Einsatztaktik Fl\u00e4che \/ Tr\u00fcmmer<\/li><li>Funken \/ Kommunikation im Einsatz<\/li><li>Orientierung im Gel\u00e4nde<\/li><li>Gefahren im Gel\u00e4nde<\/li><li>Erste Hilfe Mensch und Hund<\/li><li>Fahren im Einsatz<\/li><li>Einsatzm\u00f6glichkeiten von Rettungshunden (Fl\u00e4che, Tr\u00fcmmer, Mantrailer) und ihre Grenzen<\/li><li>Gefahren im Einsatz<\/li><li>Grundlagen psychosozialer Notfallseelsorge<\/li><\/ul>\n\n\n\n<p><\/p>\n\n\n\n<p>F\u00fcr den Rettungshundeeinsatz werden Teams, bestehend aus einem Hundef\u00fchrer und mindestens einem Suchgruppenhelfer, gebildet.\u00a0 Geleitet wird der Einsatz der Rettungshundeteams von einem Zugf\u00fchrer, der wiederum von einem Einsatzassistenten und Gruppenf\u00fchrer unterst\u00fctzt werden kann.<\/p>\n\n\n\n<p>Die Ausbildung zum Einsatzassistenten, Gruppenf\u00fchrer und letztendlich Zugf\u00fchrer wird vom Dachverband (Bundesverband Rettungshunde e.V.) durchgef\u00fchrt.<\/p>\n","protected":false},"excerpt":{"rendered":"<p>Alle Einsatzkr\u00e4fte (Einsatzhelfer, Gruppenf\u00fchrer, Zugf\u00fchrer und Hundef\u00fchrer) m\u00fcssen im Einsatzbereich theoretisch und praktisch in den verschiedenen Themenbereichen Kenntnisse erlangen. Diese Themen werden in regelm\u00e4\u00dfigen Einheiten den zuk\u00fcnftigen und aktuellen Einsatzkr\u00e4ften vermittelt. Grundlagen der Einsatzorganisation Versicherung Verhalten im Einsatz Handhabung der pers\u00f6nlichen Schutzausr\u00fcstung Einsatztaktik Fl\u00e4che \/ Tr\u00fcmmer Funken \/ Kommunikation im Einsatz Orientierung im Gel\u00e4nde Gefahren [&hellip;]<\/p>\n","protected":false},"author":1,"featured_media":0,"parent":0,"menu_order":0,"comment_status":"closed","ping_status":"closed","template":"","meta":{"footnotes":""},"class_list":["post-100","page","type-page","status-publish","hentry"],"_links":{"self":[{"href":"https:\/\/rhs-emscher-lippe.de\/index.php?rest_route=\/wp\/v2\/pages\/100","targetHints":{"allow":["GET"]}}],"collection":[{"href":"https:\/\/rhs-emscher-lippe.de\/index.php?rest_route=\/wp\/v2\/pages"}],"about":[{"href":"https:\/\/rhs-emscher-lippe.de\/index.php?rest_route=\/wp\/v2\/types\/page"}],"author":[{"embeddable":true,"href":"https:\/\/rhs-emscher-lippe.de\/index.php?rest_route=\/wp\/v2\/users\/1"}],"replies":[{"embeddable":true,"href":"https:\/\/rhs-emscher-lippe.de\/index.php?rest_route=%2Fwp%2Fv2%2Fcomments&post=100"}],"version-history":[{"count":4,"href":"https:\/\/rhs-emscher-lippe.de\/index.php?rest_route=\/wp\/v2\/pages\/100\/revisions"}],"predecessor-version":[{"id":1398,"href":"https:\/\/rhs-emscher-lippe.de\/index.php?rest_route=\/wp\/v2\/pages\/100\/revisions\/1398"}],"wp:attachment":[{"href":"https:\/\/rhs-emscher-lippe.de\/index.php?rest_route=%2Fwp%2Fv2%2Fmedia&parent=100"}],"curies":[{"name":"wp","href":"https:\/\/api.w.org\/{rel}","templated":true}]}}